{"id":261700,"date":"2022-01-11T12:27:33","date_gmt":"2022-01-11T11:27:33","guid":{"rendered":"https:\/\/www.schuette-is.com\/questionnaire\/"},"modified":"2022-02-04T11:41:19","modified_gmt":"2022-02-04T10:41:19","slug":"questionnaire","status":"publish","type":"page","link":"https:\/\/www.schuette-is.com\/en\/questionnaire\/","title":{"rendered":"Questionnaire"},"content":{"rendered":"<p>[et_pb_section fb_built=&#8221;1&#8243; _builder_version=&#8221;4.9.3&#8243; _module_preset=&#8221;default&#8221; global_colors_info=&#8221;{}&#8221;][et_pb_row _builder_version=&#8221;4.9.3&#8243; _module_preset=&#8221;default&#8221; global_colors_info=&#8221;{}&#8221;][et_pb_column type=&#8221;4_4&#8243; _builder_version=&#8221;4.9.3&#8243; _module_preset=&#8221;default&#8221; global_colors_info=&#8221;{}&#8221;][et_pb_button button_url=&#8221;https:\/\/www.schuette-is.com\/wp-content\/uploads\/2022\/02\/Questionnaire_Schuette_Industrieservice_GmbH.pdf&#8221; url_new_window=&#8221;on&#8221; button_text=&#8221;Questionnaire&#8221; button_alignment=&#8221;right&#8221; _builder_version=&#8221;4.14.7&#8243; _module_preset=&#8221;default&#8221; custom_button=&#8221;on&#8221; button_text_size=&#8221;15px&#8221; button_text_color=&#8221;#002851&#8243; button_bg_color=&#8221;RGBA(0,0,0,0)&#8221; button_border_width=&#8221;1px&#8221; button_icon=&#8221;&#xe092;||divi||400&#8243; button_icon_color=&#8221;#002851&#8243; button_icon_placement=&#8221;left&#8221; button_on_hover=&#8221;off&#8221; custom_margin=&#8221;0px||||false|false&#8221; custom_padding=&#8221;0px||0px|26px|false|false&#8221; hover_enabled=&#8221;0&#8243; global_colors_info=&#8221;{}&#8221; button_icon_color__hover_enabled=&#8221;on|desktop&#8221; button_icon_color__hover=&#8221;#002851&#8243; sticky_enabled=&#8221;0&#8243;][\/et_pb_button][et_pb_text _builder_version=&#8221;4.13.0&#8243; _module_preset=&#8221;default&#8221; text_font=&#8221;||||||||&#8221; global_colors_info=&#8221;{}&#8221;]<\/p>\n<p><strong>WE LOOK FORWARD TO YOUR ENQUIRY!<\/strong><br \/>You are welcome to provide us with some information so that we can answer your request in the best way.<\/p>\n<p>We will get back to you as soon as possible.<\/p>\n<p>[\/et_pb_text][et_pb_contact_form email=&#8221;bartnik@schuette-is.com&#8221; title=&#8221;Questionnaire&#8221; custom_message=&#8221;Sie haben eine Nachricht von %%Name%%.||et_pb_line_break_holder||||et_pb_line_break_holder||Name: %%Name%%||et_pb_line_break_holder||Firma: %%firma%%||et_pb_line_break_holder||%%Adresse%%, %%Ort%%||et_pb_line_break_holder||||et_pb_line_break_holder||E-Mail: %%Email%%||et_pb_line_break_holder||Telefon: %%telefon%%||et_pb_line_break_holder||||et_pb_line_break_holder||Sch\u00fcttgut: %%Sch\u00fcttgut%%||et_pb_line_break_holder||Sch\u00fcttguteigenschaften: %%Sch\u00fcttguteigenschaften%%||et_pb_line_break_holder||Flie\u00dfeigenschaften: %%Flie\u00dfeigenschaften%%||et_pb_line_break_holder||||et_pb_line_break_holder||Betriebliche Situation: %%Betriebliche_Situation%%||et_pb_line_break_holder||Anwendungsbereich: %%Anwendungsbereich%%||et_pb_line_break_holder||Austrag: %%Austrag%%||et_pb_line_break_holder||Betriebsdruck: %%Betriebsdruck%%||et_pb_line_break_holder||Umgebungstemperatur: %%Temperaturbereich_Umgebung%%||et_pb_line_break_holder||Sch\u00fcttguttemperatur: %%Temperaturbereich_Sch\u00fcttgut%%||et_pb_line_break_holder||||et_pb_line_break_holder||Problemstellung: %%Problemstellung%%||et_pb_line_break_holder||||et_pb_line_break_holder||Fragen\/ Bemerkungen: %%Fragen_oder_Bemerkungen%%||et_pb_line_break_holder||||et_pb_line_break_holder||||et_pb_line_break_holder||Der Absender hat der Datenschutzerkl\u00e4rung zugestimmt.||et_pb_line_break_holder||&#8221; use_redirect=&#8221;on&#8221; redirect_url=&#8221;https:\/\/www.schuette-is.com\/en\/questionnaire\/thank-you\/&#8221; submit_button_text=&#8221;Send&#8221; _builder_version=&#8221;4.14.5&#8243; _module_preset=&#8221;default&#8221; _unique_id=&#8221;0e80102c-4e76-4f29-8418-560f044be3d7&#8243; form_field_background_color=&#8221;RGBA(0,0,0,0)&#8221; form_field_custom_margin=&#8221;-14px||||false|false&#8221; form_field_custom_padding=&#8221;0px||||false|false&#8221; form_field_font_size=&#8221;14px&#8221; form_field_line_height=&#8221;1.2em&#8221; background_color=&#8221;RGBA(0,0,0,0)&#8221; custom_button=&#8221;on&#8221; button_text_size=&#8221;16px&#8221; button_border_width=&#8221;1px&#8221; button_border_color=&#8221;#002851&#8243; button_letter_spacing=&#8221;0px&#8221; button_use_icon=&#8221;off&#8221; button_custom_margin=&#8221;0px||||false|false&#8221; button_custom_padding=&#8221;0px||0px||false|false&#8221; width=&#8221;100%&#8221; custom_margin=&#8221;45px||||false|false&#8221; border_width_bottom=&#8221;1px&#8221; global_colors_info=&#8221;{}&#8221;][et_pb_contact_field field_id=&#8221;Name&#8221; field_title=&#8221;Name&#8221; _builder_version=&#8221;4.12.1&#8243; custom_padding=&#8221;21px||||false|false&#8221; global_colors_info=&#8221;{}&#8221; button_text_size__hover_enabled=&#8221;off&#8221; button_one_text_size__hover_enabled=&#8221;off&#8221; button_two_text_size__hover_enabled=&#8221;off&#8221; button_text_color__hover_enabled=&#8221;off&#8221; button_one_text_color__hover_enabled=&#8221;off&#8221; button_two_text_color__hover_enabled=&#8221;off&#8221; button_border_width__hover_enabled=&#8221;off&#8221; button_one_border_width__hover_enabled=&#8221;off&#8221; button_two_border_width__hover_enabled=&#8221;off&#8221; button_border_color__hover_enabled=&#8221;off&#8221; button_one_border_color__hover_enabled=&#8221;off&#8221; button_two_border_color__hover_enabled=&#8221;off&#8221; button_border_radius__hover_enabled=&#8221;off&#8221; button_one_border_radius__hover_enabled=&#8221;off&#8221; button_two_border_radius__hover_enabled=&#8221;off&#8221; button_letter_spacing__hover_enabled=&#8221;off&#8221; button_one_letter_spacing__hover_enabled=&#8221;off&#8221; button_two_letter_spacing__hover_enabled=&#8221;off&#8221; button_bg_color__hover_enabled=&#8221;off&#8221; button_one_bg_color__hover_enabled=&#8221;off&#8221; button_two_bg_color__hover_enabled=&#8221;off&#8221;][\/et_pb_contact_field][et_pb_contact_field field_id=&#8221;firma&#8221; field_title=&#8221;Company&#8221; _builder_version=&#8221;4.13.0&#8243; _module_preset=&#8221;default&#8221; custom_padding=&#8221;21px||||false|false&#8221; global_colors_info=&#8221;{}&#8221;][\/et_pb_contact_field][et_pb_contact_field field_id=&#8221;telefon&#8221; field_title=&#8221;Telephone&#8221; _builder_version=&#8221;4.13.0&#8243; _module_preset=&#8221;default&#8221; global_colors_info=&#8221;{}&#8221;][\/et_pb_contact_field][et_pb_contact_field field_id=&#8221;Email&#8221; field_title=&#8221;E-Mail&#8221; field_type=&#8221;email&#8221; required_mark=&#8221;off&#8221; _builder_version=&#8221;4.12.1&#8243; global_colors_info=&#8221;{}&#8221; button_text_size__hover_enabled=&#8221;off&#8221; button_one_text_size__hover_enabled=&#8221;off&#8221; button_two_text_size__hover_enabled=&#8221;off&#8221; button_text_color__hover_enabled=&#8221;off&#8221; button_one_text_color__hover_enabled=&#8221;off&#8221; button_two_text_color__hover_enabled=&#8221;off&#8221; button_border_width__hover_enabled=&#8221;off&#8221; button_one_border_width__hover_enabled=&#8221;off&#8221; button_two_border_width__hover_enabled=&#8221;off&#8221; button_border_color__hover_enabled=&#8221;off&#8221; button_one_border_color__hover_enabled=&#8221;off&#8221; button_two_border_color__hover_enabled=&#8221;off&#8221; button_border_radius__hover_enabled=&#8221;off&#8221; button_one_border_radius__hover_enabled=&#8221;off&#8221; button_two_border_radius__hover_enabled=&#8221;off&#8221; button_letter_spacing__hover_enabled=&#8221;off&#8221; button_one_letter_spacing__hover_enabled=&#8221;off&#8221; button_two_letter_spacing__hover_enabled=&#8221;off&#8221; button_bg_color__hover_enabled=&#8221;off&#8221; button_one_bg_color__hover_enabled=&#8221;off&#8221; button_two_bg_color__hover_enabled=&#8221;off&#8221;][\/et_pb_contact_field][et_pb_contact_field field_id=&#8221;Adresse&#8221; field_title=&#8221;Address&#8221; required_mark=&#8221;off&#8221; _builder_version=&#8221;4.12.1&#8243; global_colors_info=&#8221;{}&#8221; button_text_size__hover_enabled=&#8221;off&#8221; button_one_text_size__hover_enabled=&#8221;off&#8221; button_two_text_size__hover_enabled=&#8221;off&#8221; button_text_color__hover_enabled=&#8221;off&#8221; button_one_text_color__hover_enabled=&#8221;off&#8221; button_two_text_color__hover_enabled=&#8221;off&#8221; button_border_width__hover_enabled=&#8221;off&#8221; button_one_border_width__hover_enabled=&#8221;off&#8221; button_two_border_width__hover_enabled=&#8221;off&#8221; button_border_color__hover_enabled=&#8221;off&#8221; button_one_border_color__hover_enabled=&#8221;off&#8221; button_two_border_color__hover_enabled=&#8221;off&#8221; button_border_radius__hover_enabled=&#8221;off&#8221; button_one_border_radius__hover_enabled=&#8221;off&#8221; button_two_border_radius__hover_enabled=&#8221;off&#8221; button_letter_spacing__hover_enabled=&#8221;off&#8221; button_one_letter_spacing__hover_enabled=&#8221;off&#8221; button_two_letter_spacing__hover_enabled=&#8221;off&#8221; button_bg_color__hover_enabled=&#8221;off&#8221; button_one_bg_color__hover_enabled=&#8221;off&#8221; button_two_bg_color__hover_enabled=&#8221;off&#8221;][\/et_pb_contact_field][et_pb_contact_field field_id=&#8221;Ort&#8221; field_title=&#8221;City, Country&#8221; required_mark=&#8221;off&#8221; _builder_version=&#8221;4.12.1&#8243; global_colors_info=&#8221;{}&#8221; button_text_size__hover_enabled=&#8221;off&#8221; button_one_text_size__hover_enabled=&#8221;off&#8221; button_two_text_size__hover_enabled=&#8221;off&#8221; button_text_color__hover_enabled=&#8221;off&#8221; button_one_text_color__hover_enabled=&#8221;off&#8221; button_two_text_color__hover_enabled=&#8221;off&#8221; button_border_width__hover_enabled=&#8221;off&#8221; button_one_border_width__hover_enabled=&#8221;off&#8221; button_two_border_width__hover_enabled=&#8221;off&#8221; button_border_color__hover_enabled=&#8221;off&#8221; button_one_border_color__hover_enabled=&#8221;off&#8221; button_two_border_color__hover_enabled=&#8221;off&#8221; button_border_radius__hover_enabled=&#8221;off&#8221; button_one_border_radius__hover_enabled=&#8221;off&#8221; button_two_border_radius__hover_enabled=&#8221;off&#8221; button_letter_spacing__hover_enabled=&#8221;off&#8221; button_one_letter_spacing__hover_enabled=&#8221;off&#8221; button_two_letter_spacing__hover_enabled=&#8221;off&#8221; button_bg_color__hover_enabled=&#8221;off&#8221; button_one_bg_color__hover_enabled=&#8221;off&#8221; button_two_bg_color__hover_enabled=&#8221;off&#8221;][\/et_pb_contact_field][et_pb_contact_field field_id=&#8221;Sch\u00fcttgut&#8221; field_title=&#8221;Bulk material&#8221; required_mark=&#8221;off&#8221; fullwidth_field=&#8221;on&#8221; _builder_version=&#8221;4.12.1&#8243; form_field_font=&#8221;|||on|||||&#8221; form_field_font_size=&#8221;20px&#8221; custom_margin=&#8221;0px||||false|false&#8221; custom_padding=&#8221;32px||||false|false&#8221; global_colors_info=&#8221;{}&#8221; button_text_size__hover_enabled=&#8221;off&#8221; button_one_text_size__hover_enabled=&#8221;off&#8221; button_two_text_size__hover_enabled=&#8221;off&#8221; button_text_color__hover_enabled=&#8221;off&#8221; button_one_text_color__hover_enabled=&#8221;off&#8221; button_two_text_color__hover_enabled=&#8221;off&#8221; button_border_width__hover_enabled=&#8221;off&#8221; button_one_border_width__hover_enabled=&#8221;off&#8221; button_two_border_width__hover_enabled=&#8221;off&#8221; button_border_color__hover_enabled=&#8221;off&#8221; button_one_border_color__hover_enabled=&#8221;off&#8221; button_two_border_color__hover_enabled=&#8221;off&#8221; button_border_radius__hover_enabled=&#8221;off&#8221; button_one_border_radius__hover_enabled=&#8221;off&#8221; button_two_border_radius__hover_enabled=&#8221;off&#8221; button_letter_spacing__hover_enabled=&#8221;off&#8221; button_one_letter_spacing__hover_enabled=&#8221;off&#8221; button_two_letter_spacing__hover_enabled=&#8221;off&#8221; button_bg_color__hover_enabled=&#8221;off&#8221; button_one_bg_color__hover_enabled=&#8221;off&#8221; button_two_bg_color__hover_enabled=&#8221;off&#8221;][\/et_pb_contact_field][et_pb_contact_field field_id=&#8221;Sch\u00fcttguteigenschaften&#8221; field_title=&#8221;Bulk material properties&#8221; field_type=&#8221;checkbox&#8221; checkbox_options=&#8221;%91{%22value%22:%22abrasive%22,%22checked%22:0,%22dragID%22:-1},{%22value%22:%22fast flowing%22,%22checked%22:0,%22dragID%22:0},{%22value%22:%22hygroscopic%22,%22checked%22:0,%22dragID%22:1},{%22value%22:%22high-temperature%22,%22checked%22:0,%22dragID%22:2},{%22value%22:%22explosive%22,%22checked%22:0,%22dragID%22:3},{%22value%22:%22health-critical%22,%22checked%22:0,%22dragID%22:4}%93&#8243; required_mark=&#8221;off&#8221; _builder_version=&#8221;4.14.5&#8243; _module_preset=&#8221;default&#8221; border_width_all=&#8221;1px&#8221; border_color_all=&#8221;#707070&#8243; global_colors_info=&#8221;{}&#8221;][\/et_pb_contact_field][et_pb_contact_field field_id=&#8221;Flie\u00dfeigenschaften&#8221; field_title=&#8221;Flow characteristics&#8221; field_type=&#8221;checkbox&#8221; checkbox_options=&#8221;%91{%22value%22:%22cohesionless (free flowing)%22,%22checked%22:0,%22dragID%22:-1},{%22value%22:%22cohesive%22,%22checked%22:0,%22dragID%22:2},{%22value%22:%22plastic%22,%22checked%22:0,%22dragID%22:3},{%22value%22:%22fixed%22,%22checked%22:0,%22dragID%22:4},{%22value%22:%22fluidised%22,%22checked%22:0,%22dragID%22:5},{%22value%22:%22unknown%22,%22checked%22:0,%22dragID%22:6}%93&#8243; required_mark=&#8221;off&#8221; _builder_version=&#8221;4.13.0&#8243; _module_preset=&#8221;default&#8221; border_width_all=&#8221;1px&#8221; border_color_all=&#8221;#707070&#8243; global_colors_info=&#8221;{}&#8221;][\/et_pb_contact_field][et_pb_contact_field field_id=&#8221;Betriebliche_Situation&#8221; field_title=&#8221;Operational situation&#8221; required_mark=&#8221;off&#8221; fullwidth_field=&#8221;on&#8221; _builder_version=&#8221;4.13.0&#8243; form_field_font=&#8221;|||on|||||&#8221; form_field_font_size=&#8221;20px&#8221; custom_margin=&#8221;0px||||false|false&#8221; custom_padding=&#8221;32px||||false|false&#8221; global_colors_info=&#8221;{}&#8221; button_text_size__hover_enabled=&#8221;off&#8221; button_one_text_size__hover_enabled=&#8221;off&#8221; button_two_text_size__hover_enabled=&#8221;off&#8221; button_text_color__hover_enabled=&#8221;off&#8221; button_one_text_color__hover_enabled=&#8221;off&#8221; button_two_text_color__hover_enabled=&#8221;off&#8221; button_border_width__hover_enabled=&#8221;off&#8221; button_one_border_width__hover_enabled=&#8221;off&#8221; button_two_border_width__hover_enabled=&#8221;off&#8221; button_border_color__hover_enabled=&#8221;off&#8221; button_one_border_color__hover_enabled=&#8221;off&#8221; button_two_border_color__hover_enabled=&#8221;off&#8221; button_border_radius__hover_enabled=&#8221;off&#8221; button_one_border_radius__hover_enabled=&#8221;off&#8221; button_two_border_radius__hover_enabled=&#8221;off&#8221; button_letter_spacing__hover_enabled=&#8221;off&#8221; button_one_letter_spacing__hover_enabled=&#8221;off&#8221; button_two_letter_spacing__hover_enabled=&#8221;off&#8221; button_bg_color__hover_enabled=&#8221;off&#8221; button_one_bg_color__hover_enabled=&#8221;off&#8221; button_two_bg_color__hover_enabled=&#8221;off&#8221;][\/et_pb_contact_field][et_pb_contact_field field_id=&#8221;Anwendungsbereich&#8221; field_title=&#8221;Application area&#8221; field_type=&#8221;checkbox&#8221; checkbox_options=&#8221;%91{%22value%22:%22Pharmazy%22,%22checked%22:0,%22dragID%22:-1},{%22value%22:%22Food industry%22,%22checked%22:0,%22dragID%22:0},{%22value%22:%22Mining%22,%22checked%22:0,%22dragID%22:1},{%22value%22:%22Plastic industry%22,%22checked%22:0,%22dragID%22:2},{%22value%22:%22Power plant%22,%22checked%22:0,%22dragID%22:3},{%22value%22:%22Chemical industrie%22,%22checked%22:0,%22dragID%22:4}%93&#8243; required_mark=&#8221;off&#8221; _builder_version=&#8221;4.13.0&#8243; _module_preset=&#8221;default&#8221; border_width_all=&#8221;1px&#8221; border_color_all=&#8221;#707070&#8243; global_colors_info=&#8221;{}&#8221;][\/et_pb_contact_field][et_pb_contact_field field_id=&#8221;Austrag&#8221; field_title=&#8221;Discharge&#8221; field_type=&#8221;checkbox&#8221; checkbox_options=&#8221;%91{%22value%22:%22continuous%22,%22checked%22:0,%22dragID%22:-1},{%22value%22:%22In batches%22,%22checked%22:0,%22dragID%22:0}%93&#8243; required_mark=&#8221;off&#8221; _builder_version=&#8221;4.13.0&#8243; _module_preset=&#8221;default&#8221; border_width_all=&#8221;1px&#8221; border_color_all=&#8221;#707070&#8243; global_colors_info=&#8221;{}&#8221;][\/et_pb_contact_field][et_pb_contact_field field_id=&#8221;Betriebsdruck&#8221; field_title=&#8221;Operating pressure&#8221; field_type=&#8221;checkbox&#8221; checkbox_options=&#8221;%91{%22value%22:%22Atmosphere%22,%22checked%22:0,%22dragID%22:-1},{%22value%22:%22Overpressure%22,%22checked%22:0,%22dragID%22:0},{%22value%22:%22Underpressure%22,%22checked%22:0,%22dragID%22:1}%93&#8243; required_mark=&#8221;off&#8221; fullwidth_field=&#8221;on&#8221; _builder_version=&#8221;4.13.0&#8243; _module_preset=&#8221;default&#8221; custom_margin=&#8221;0px||||false|false&#8221; custom_padding=&#8221;0px||||false|false&#8221; border_width_all=&#8221;1px&#8221; border_color_all=&#8221;#707070&#8243; global_colors_info=&#8221;{}&#8221;][\/et_pb_contact_field][et_pb_contact_field field_id=&#8221;Temperaturbereich_Umgebung&#8221; field_title=&#8221;Temperature environment&#8221; field_type=&#8221;checkbox&#8221; checkbox_options=&#8221;%91{%22value%22:%22normal%22,%22checked%22:0,%22dragID%22:-1},{%22value%22:%22low%22,%22checked%22:0,%22dragID%22:0},{%22value%22:%22high%22,%22checked%22:0,%22dragID%22:1}%93&#8243; required_mark=&#8221;off&#8221; _builder_version=&#8221;4.13.0&#8243; _module_preset=&#8221;default&#8221; border_width_all=&#8221;1px&#8221; border_color_all=&#8221;#707070&#8243; global_colors_info=&#8221;{}&#8221;][\/et_pb_contact_field][et_pb_contact_field field_id=&#8221;Temperaturbereich_Sch\u00fcttgut&#8221; field_title=&#8221;Temperature bulk material&#8221; field_type=&#8221;checkbox&#8221; checkbox_options=&#8221;%91{%22value%22:%22normal%22,%22checked%22:0,%22dragID%22:-1},{%22value%22:%22low%22,%22checked%22:0,%22dragID%22:0},{%22value%22:%22high%22,%22checked%22:0,%22dragID%22:1}%93&#8243; required_mark=&#8221;off&#8221; _builder_version=&#8221;4.13.0&#8243; _module_preset=&#8221;default&#8221; border_width_all=&#8221;1px&#8221; border_color_all=&#8221;#707070&#8243; global_colors_info=&#8221;{}&#8221;][\/et_pb_contact_field][et_pb_contact_field field_id=&#8221;Problemstellung&#8221; field_title=&#8221;Details of a possible problem&#8221; required_mark=&#8221;off&#8221; fullwidth_field=&#8221;on&#8221; _builder_version=&#8221;4.13.0&#8243; _module_preset=&#8221;default&#8221; global_colors_info=&#8221;{}&#8221;][\/et_pb_contact_field][et_pb_contact_field field_id=&#8221;Fragen_oder_Bemerkungen&#8221; field_title=&#8221;Questions or comments&#8221; required_mark=&#8221;off&#8221; fullwidth_field=&#8221;on&#8221; _builder_version=&#8221;4.13.0&#8243; _module_preset=&#8221;default&#8221; global_colors_info=&#8221;{}&#8221;][\/et_pb_contact_field][\/et_pb_contact_form][\/et_pb_column][\/et_pb_row][\/et_pb_section]<\/p>\n","protected":false},"excerpt":{"rendered":"<p>WE LOOK FORWARD TO YOUR ENQUIRY!You are welcome to provide us with some information so that we can answer your request in the best way. We will get back to you as soon as possible.<\/p>\n","protected":false},"author":1,"featured_media":0,"parent":0,"menu_order":0,"comment_status":"closed","ping_status":"closed","template":"","meta":{"_et_pb_use_builder":"on","_et_pb_old_content":"","_et_gb_content_width":"","inline_featured_image":false,"footnotes":""},"class_list":["post-261700","page","type-page","status-publish","hentry"],"_links":{"self":[{"href":"https:\/\/www.schuette-is.com\/en\/wp-json\/wp\/v2\/pages\/261700","targetHints":{"allow":["GET"]}}],"collection":[{"href":"https:\/\/www.schuette-is.com\/en\/wp-json\/wp\/v2\/pages"}],"about":[{"href":"https:\/\/www.schuette-is.com\/en\/wp-json\/wp\/v2\/types\/page"}],"author":[{"embeddable":true,"href":"https:\/\/www.schuette-is.com\/en\/wp-json\/wp\/v2\/users\/1"}],"replies":[{"embeddable":true,"href":"https:\/\/www.schuette-is.com\/en\/wp-json\/wp\/v2\/comments?post=261700"}],"version-history":[{"count":17,"href":"https:\/\/www.schuette-is.com\/en\/wp-json\/wp\/v2\/pages\/261700\/revisions"}],"predecessor-version":[{"id":262396,"href":"https:\/\/www.schuette-is.com\/en\/wp-json\/wp\/v2\/pages\/261700\/revisions\/262396"}],"wp:attachment":[{"href":"https:\/\/www.schuette-is.com\/en\/wp-json\/wp\/v2\/media?parent=261700"}],"curies":[{"name":"wp","href":"https:\/\/api.w.org\/{rel}","templated":true}]}}