{"id":260778,"date":"2021-12-07T11:22:57","date_gmt":"2021-12-07T10:22:57","guid":{"rendered":"https:\/\/www.schuette-is.com\/services\/"},"modified":"2022-03-29T11:02:20","modified_gmt":"2022-03-29T09:02:20","slug":"services","status":"publish","type":"page","link":"https:\/\/www.schuette-is.com\/en\/services\/","title":{"rendered":"Services"},"content":{"rendered":"<p>[et_pb_section fb_built=&#8221;1&#8243; _builder_version=&#8221;4.15&#8243; _module_preset=&#8221;default&#8221; background_color=&#8221;#EFEFEF&#8221; custom_margin=&#8221;0px||0px||false|false&#8221; custom_padding=&#8221;0px||0px||false|false&#8221; global_colors_info=&#8221;{}&#8221;][et_pb_row _builder_version=&#8221;4.15&#8243; _module_preset=&#8221;default&#8221; width=&#8221;100%&#8221; max_width=&#8221;1920px&#8221; custom_margin=&#8221;0px||0px||false|false&#8221; custom_padding=&#8221;0px||0px||false|false&#8221; global_colors_info=&#8221;{}&#8221;][et_pb_column type=&#8221;4_4&#8243; _builder_version=&#8221;4.15&#8243; _module_preset=&#8221;default&#8221; global_colors_info=&#8221;{}&#8221;][et_pb_slider module_class=&#8221;ros-slider&#8221; _builder_version=&#8221;4.15&#8243; _module_preset=&#8221;default&#8221; body_line_height=&#8221;1.1em&#8221; height=&#8221;520px&#8221; height_tablet=&#8221;316px&#8221; height_phone=&#8221;240px&#8221; height_last_edited=&#8221;on|phone&#8221; auto=&#8221;on&#8221; body_text_shadow_style=&#8221;preset3&#8243; global_colors_info=&#8221;{}&#8221;][et_pb_slide heading=&#8221;Your partner for innovative bulk solids technology&#8221; content_tablet=&#8221;<\/p>\n<p>We maximize profitability<br \/>of your company!<\/p>\n<p>&#8221; content_phone=&#8221;&#8221; content_last_edited=&#8221;on|desktop&#8221; _builder_version=&#8221;4.15&#8243; _module_preset=&#8221;default&#8221; header_level=&#8221;h2&#8243; header_font=&#8221;||||||||&#8221; header_text_align=&#8221;center&#8221; header_font_size=&#8221;48px&#8221; header_letter_spacing=&#8221;2px&#8221; body_font=&#8221;|300|||||||&#8221; body_font_size=&#8221;27px&#8221; body_letter_spacing=&#8221;2px&#8221; background_image=&#8221;https:\/\/www.schuette-is.com\/wp-content\/uploads\/2021\/08\/Schuette-Industrieservice-Leistungen.jpg&#8221; background_enable_image=&#8221;on&#8221; text_orientation=&#8221;center&#8221; width=&#8221;97%&#8221; width_tablet=&#8221;97%&#8221; width_phone=&#8221;97%&#8221; width_last_edited=&#8221;on|tablet&#8221; custom_padding=&#8221;41px||0px|15px|false|false&#8221; header_font_size_tablet=&#8221;32px&#8221; header_font_size_phone=&#8221;25px&#8221; header_font_size_last_edited=&#8221;on|phone&#8221; global_colors_info=&#8221;{}&#8221; sticky_transition=&#8221;on&#8221;]<\/p>\n<p>We maximize profitability<br \/>of your company!<\/p>\n<p>[\/et_pb_slide][\/et_pb_slider][\/et_pb_column][\/et_pb_row][\/et_pb_section][et_pb_section fb_built=&#8221;1&#8243; custom_padding_last_edited=&#8221;on|phone&#8221; _builder_version=&#8221;4.15&#8243; _module_preset=&#8221;default&#8221; custom_padding=&#8221;70px||120px||false|false&#8221; custom_padding_tablet=&#8221;50px||||false|false&#8221; custom_padding_phone=&#8221;45px||120px||false|false&#8221; global_colors_info=&#8221;{}&#8221;][et_pb_row column_structure=&#8221;2_3,1_3&#8243; _builder_version=&#8221;4.15&#8243; _module_preset=&#8221;default&#8221; custom_margin=&#8221;0px||0px||false|false&#8221; custom_padding=&#8221;0px||0px||false|false&#8221; global_colors_info=&#8221;{}&#8221;][et_pb_column type=&#8221;2_3&#8243; _builder_version=&#8221;4.15&#8243; _module_preset=&#8221;default&#8221; global_colors_info=&#8221;{}&#8221;][et_pb_text _builder_version=&#8221;4.15&#8243; _module_preset=&#8221;default&#8221; header_font=&#8221;|300|||||||&#8221; header_line_height=&#8221;1.3em&#8221; header_3_font_size=&#8221;20px&#8221; header_3_line_height=&#8221;2.5em&#8221; header_font_size_tablet=&#8221;27px&#8221; header_font_size_phone=&#8221;24px&#8221; header_font_size_last_edited=&#8221;on|phone&#8221; global_colors_info=&#8221;{}&#8221;]<\/p>\n<h1>From planning to assembly &#8211;<br \/>We are there for you in every phase of your project!<\/h1>\n<p>[\/et_pb_text][et_pb_text _builder_version=&#8221;4.15&#8243; _module_preset=&#8221;default&#8221; header_font=&#8221;|300|||||||&#8221; header_line_height=&#8221;0.9em&#8221; header_3_font=&#8221;|600|||||||&#8221; header_3_text_color=&#8221;#707070&#8243; header_3_font_size=&#8221;20px&#8221; header_3_line_height=&#8221;2.5em&#8221; custom_padding=&#8221;2px|||||&#8221; global_colors_info=&#8221;{}&#8221;]<\/p>\n<p>As a globally sought-after company within the field of bulk solids technology, we offer you a comprehensive range of services across all industries. Our team of experienced specialists advises and supports you intensively from the formulation of your objective to strategic project planning, conception and realization. We have already successfully implemented many demanding projects for renowned international companies.<\/p>\n<p>&nbsp;<\/p>\n<p>&nbsp;<\/p>\n<p>[\/et_pb_text][\/et_pb_column][et_pb_column type=&#8221;1_3&#8243; disabled_on=&#8221;off|off|off&#8221; _builder_version=&#8221;4.15&#8243; _module_preset=&#8221;default&#8221; background_color=&#8221;RGBA(0,0,0,0)&#8221; custom_padding=&#8221;13px||25px||false|false&#8221; custom_padding_tablet=&#8221;|3px||0px|false|false&#8221; custom_padding_phone=&#8221;|3px||0px|false|false&#8221; custom_padding_last_edited=&#8221;on|tablet&#8221; border_radii=&#8221;on|3px|3px|3px|3px&#8221; border_width_all=&#8221;1px&#8221; border_color_all=&#8221;#63758D&#8221; global_colors_info=&#8221;{}&#8221;][et_pb_icon font_icon=&#8221;&#xe60f;||divi||400&#8243; icon_color=&#8221;#63758D&#8221; icon_width=&#8221;70px&#8221; icon_width_tablet=&#8221;51px&#8221; icon_width_phone=&#8221;49px&#8221; icon_width_last_edited=&#8221;on|phone&#8221; _builder_version=&#8221;4.13.1&#8243; _module_preset=&#8221;default&#8221; global_colors_info=&#8221;{}&#8221;][\/et_pb_icon][et_pb_text _builder_version=&#8221;4.15&#8243; _module_preset=&#8221;default&#8221; text_font=&#8221;|600||on|||||&#8221; text_text_color=&#8221;#63758D&#8221; text_font_size=&#8221;19px&#8221; text_line_height=&#8221;1.4em&#8221; text_orientation=&#8221;center&#8221; custom_padding=&#8221;|||7px|false|false&#8221; global_colors_info=&#8221;{}&#8221;]<\/p>\n<p style=\"text-align: center;\">Get in contact<br \/>with us:<\/p>\n<p>[\/et_pb_text][et_pb_text content_tablet=&#8221;<\/p>\n<p style=%22text-align: left;%22><span style=%22color: #63758d;%22><a href=%22tel:+492374929390%22 class=%22rb-tel%22 style=%22color: #63758d;%22>+49\/2374-92 93 0<\/a><\/span><\/p>\n<p>&#8221; content_phone=&#8221;<\/p>\n<p style=%22text-align: left;%22><span style=%22color: #63758d;%22><a href=%22tel:+492374929390%22 class=%22rb-tel%22 style=%22color: #63758d;%22>+49\/2374-92 93 0<\/a><\/span><\/p>\n<p>&#8221; content_last_edited=&#8221;on|phone&#8221; module_class=&#8221;contact-box&#8221; _builder_version=&#8221;4.15&#8243; _module_preset=&#8221;default&#8221; text_text_color=&#8221;#002851&#8243; text_line_height=&#8221;0.9em&#8221; background_color=&#8221;RGBA(0,0,0,0)&#8221; width_tablet=&#8221;100%&#8221; width_phone=&#8221;100%&#8221; width_last_edited=&#8221;on|tablet&#8221; module_alignment=&#8221;center&#8221; custom_margin=&#8221;0px||0px||false|false&#8221; custom_padding=&#8221;0px||0px|6px|false|false&#8221; custom_padding_tablet=&#8221;|||200px|false|false&#8221; custom_padding_phone=&#8221;|||6px|false|false&#8221; custom_padding_last_edited=&#8221;on|tablet&#8221; text_font_size_tablet=&#8221;&#8221; text_font_size_phone=&#8221;17px&#8221; text_font_size_last_edited=&#8221;on|phone&#8221; global_colors_info=&#8221;{}&#8221;]<\/p>\n<p style=\"text-align: left;\"><span style=\"color: #63758d;\"><a href=\"tel:+492374929390\" class=\"rb-tel\" style=\"color: #63758d;\">+49\/2374-92 93 0<\/a><\/span><\/p>\n<p>[\/et_pb_text][et_pb_text content_tablet=&#8221;<\/p>\n<p style=%22text-align: left;%22><span style=%22color: #63758d;%22><a href=%22mailto:tietze@rossbach-uwt.de%22 class=%22rb-mail%22 style=%22color: #63758d;%22>info@schuette-is.com<\/a><\/span><\/p>\n<p>&#8221; content_phone=&#8221;<\/p>\n<p style=%22text-align: left;%22><span style=%22color: #63758d;%22><a href=%22mailto:tietze@rossbach-uwt.de%22 class=%22rb-mail%22 style=%22color: #63758d;%22>info@schuette-is.com<\/a><\/span><\/p>\n<p>&#8221; content_last_edited=&#8221;on|desktop&#8221; module_class=&#8221;contact-box&#8221; _builder_version=&#8221;4.15&#8243; _module_preset=&#8221;default&#8221; text_text_color=&#8221;#002851&#8243; text_line_height=&#8221;0.9em&#8221; background_color=&#8221;RGBA(0,0,0,0)&#8221; custom_margin=&#8221;0px||0px||false|false&#8221; custom_padding=&#8221;0px||0px|8px|false|false&#8221; custom_padding_tablet=&#8221;|||200px|false|false&#8221; custom_padding_phone=&#8221;|6px||6px|false|true&#8221; custom_padding_last_edited=&#8221;on|desktop&#8221; link_option_url=&#8221;mailto:info@schuette-is.com&#8221; text_font_size_tablet=&#8221;&#8221; text_font_size_phone=&#8221;17px&#8221; text_font_size_last_edited=&#8221;on|phone&#8221; global_colors_info=&#8221;{}&#8221;]<\/p>\n<p><span style=\"color: #63758d;\"><a href=\"mailto:info@schuette-is.com\" class=\"rb-mail\" style=\"color: #63758d;\">info@schuette-is.com<\/a><\/span><\/p>\n<p>[\/et_pb_text][et_pb_text content_tablet=&#8221;<\/p>\n<p><span style=%22color: #666699;%22><a href=%22https:\/\/www.schuette-is.com\/en\/contact\/%22 class=%22rb-contact%22 style=%22color: #666699;%22><span style=%22color: #63758d;%22>REQUEST FORM<\/span><\/a><\/span><\/p>\n<p>&#8221; content_phone=&#8221;<\/p>\n<p><span style=%22color: #666699;%22><a href=%22https:\/\/www.schuette-is.com\/en\/contact\/%22 class=%22rb-contact%22 style=%22color: #666699;%22><span style=%22color: #63758d;%22>REQUEST FORM<\/span><\/a><\/span><\/p>\n<p>&#8221; content_last_edited=&#8221;on|phone&#8221; module_class=&#8221;contact-box&#8221; _builder_version=&#8221;4.15&#8243; _module_preset=&#8221;default&#8221; text_text_color=&#8221;#002851&#8243; text_line_height=&#8221;0.9em&#8221; background_color=&#8221;RGBA(0,0,0,0)&#8221; custom_margin=&#8221;0px||0px||false|false&#8221; custom_padding=&#8221;0px||0px|8px|false|false&#8221; custom_padding_tablet=&#8221;0px||0px|200px|false|false&#8221; custom_padding_phone=&#8221;|||6px|false|false&#8221; custom_padding_last_edited=&#8221;on|desktop&#8221; text_font_size_tablet=&#8221;&#8221; text_font_size_phone=&#8221;17px&#8221; text_font_size_last_edited=&#8221;on|phone&#8221; global_colors_info=&#8221;{}&#8221;]<\/p>\n<p><span style=\"color: #666699;\"><a href=\"https:\/\/www.schuette-is.com\/en\/contact\/\" class=\"rb-contact\" style=\"color: #666699;\"><span style=\"color: #63758d;\">REQUEST FORM<\/span><\/a><\/span><\/p>\n<p>[\/et_pb_text][et_pb_text _builder_version=&#8221;4.15&#8243; _module_preset=&#8221;default&#8221; text_font=&#8221;|600|||||||&#8221; text_text_color=&#8221;#63758D&#8221; text_orientation=&#8221;center&#8221; custom_margin=&#8221;||0px||false|false&#8221; custom_padding=&#8221;||0px|0px|false|false&#8221; global_colors_info=&#8221;{}&#8221;]<\/p>\n<p>We will help you!<\/p>\n<p>[\/et_pb_text][\/et_pb_column][\/et_pb_row][et_pb_row column_structure=&#8221;1_2,1_2&#8243; _builder_version=&#8221;4.15&#8243; _module_preset=&#8221;default&#8221; custom_margin=&#8221;||||false|false&#8221; custom_padding=&#8221;||100px||false|false&#8221; border_color_all=&#8221;#BEBFC3&#8243; border_width_top=&#8221;1px&#8221; global_colors_info=&#8221;{}&#8221;][et_pb_column type=&#8221;1_2&#8243; _builder_version=&#8221;4.15&#8243; _module_preset=&#8221;default&#8221; global_colors_info=&#8221;{}&#8221;][et_pb_image src=&#8221;https:\/\/www.schuette-is.com\/wp-content\/uploads\/2021\/08\/Schuette-Beratung-Schuettgutkomponente_.jpg&#8221; alt=&#8221;Sch\u00fctte Beratung Sch\u00fcttgutkomponente&#8221; title_text=&#8221;Sch\u00fctte Beratung Sch\u00fcttgutkomponente_&#8221; _builder_version=&#8221;4.15&#8243; _module_preset=&#8221;default&#8221; custom_margin=&#8221;12px||||false|false&#8221; global_colors_info=&#8221;{}&#8221;][\/et_pb_image][\/et_pb_column][et_pb_column type=&#8221;1_2&#8243; _builder_version=&#8221;4.15&#8243; _module_preset=&#8221;default&#8221; global_colors_info=&#8221;{}&#8221;][et_pb_text content_tablet=&#8221;<\/p>\n<h4>Consulting<\/h4>\n<p>&#8221; content_phone=&#8221;<\/p>\n<h4>Consulting<\/h4>\n<p>&#8221; content_last_edited=&#8221;on|tablet&#8221; _builder_version=&#8221;4.15&#8243; _module_preset=&#8221;default&#8221; header_4_font=&#8221;|300|||||||&#8221; header_4_text_color=&#8221;#002851&#8243; header_4_font_size=&#8221;39px&#8221; header_4_letter_spacing=&#8221;10px&#8221; custom_margin=&#8221;||3px||false|false&#8221; custom_margin_tablet=&#8221;||14px||false|false&#8221; custom_margin_phone=&#8221;||14px||false|false&#8221; custom_margin_last_edited=&#8221;on|phone&#8221; header_4_font_size_tablet=&#8221;39px&#8221; header_4_font_size_phone=&#8221;35px&#8221; header_4_font_size_last_edited=&#8221;on|tablet&#8221; global_colors_info=&#8221;{}&#8221;]<\/p>\n<h4>Consulting<\/h4>\n<p>[\/et_pb_text][et_pb_text _builder_version=&#8221;4.15&#8243; _module_preset=&#8221;default&#8221; header_font=&#8221;||||||||&#8221; header_line_height=&#8221;0.9em&#8221; header_3_font=&#8221;||||||||&#8221; header_3_font_size=&#8221;18px&#8221; header_3_line_height=&#8221;1.3em&#8221; header_3_line_height_tablet=&#8221;1.5em&#8221; header_3_line_height_phone=&#8221;1.5em&#8221; header_3_line_height_last_edited=&#8221;on|desktop&#8221; global_colors_info=&#8221;{}&#8221;]<\/p>\n<h3>It all depends on the right choice of component<\/h3>\n<p>In a councelling interview we record as precisely as possible your initial situation, your company-specific structures and processes, to develop a system concept with technical subcomponents that are very finely tuned to each other. The objective is an optimal and efficient solution under economic and ecological aspects, as well as a maximum reduction of faults or malfunctions. Standard solutions are rarely used here. In most cases, we work with our customers to develop a concept that is optimally adapted to their conditions. Thanks to our many years of experience in bulk solids technology, we can make a good evaluation of what you need.<\/p>\n<p>[\/et_pb_text][\/et_pb_column][\/et_pb_row][et_pb_row column_structure=&#8221;1_3,2_3&#8243; _builder_version=&#8221;4.15&#8243; _module_preset=&#8221;default&#8221; custom_margin=&#8221;||||false|false&#8221; custom_padding=&#8221;||100px||false|false&#8221; border_color_all=&#8221;#BEBFC3&#8243; border_width_top=&#8221;1px&#8221; global_colors_info=&#8221;{}&#8221;][et_pb_column type=&#8221;1_3&#8243; _builder_version=&#8221;4.15&#8243; _module_preset=&#8221;default&#8221; global_colors_info=&#8221;{}&#8221;][et_pb_text _builder_version=&#8221;4.15&#8243; _module_preset=&#8221;default&#8221; header_4_font=&#8221;|300|||||||&#8221; header_4_text_color=&#8221;#002851&#8243; header_4_font_size=&#8221;35px&#8221; header_4_letter_spacing=&#8221;5px&#8221; header_4_font_size_tablet=&#8221;37px&#8221; header_4_font_size_phone=&#8221;32px&#8221; header_4_font_size_last_edited=&#8221;on|phone&#8221; global_colors_info=&#8221;{}&#8221;]<\/p>\n<h4>Planning &amp;<br \/>Conception<\/h4>\n<p>[\/et_pb_text][\/et_pb_column][et_pb_column type=&#8221;2_3&#8243; _builder_version=&#8221;4.15&#8243; _module_preset=&#8221;default&#8221; global_colors_info=&#8221;{}&#8221;][et_pb_text _builder_version=&#8221;4.15&#8243; _module_preset=&#8221;default&#8221; header_font=&#8221;||||||||&#8221; header_line_height=&#8221;0.9em&#8221; header_3_font=&#8221;||||||||&#8221; header_3_font_size=&#8221;19px&#8221; header_3_line_height=&#8221;2.5em&#8221; global_colors_info=&#8221;{}&#8221;]<\/p>\n<p>Whether it&#8217;s a single component or complex plant construction, we are there for you and will be at your side throughout the entire project. After intensive preliminary planning, we produce a <span>2D or 3D-based technical drawing and design for you<\/span>,<span>and a 3D model on request.<\/span> <\/p>\n<p>[\/et_pb_text][\/et_pb_column][\/et_pb_row][et_pb_row _builder_version=&#8221;4.15.1&#8243; _module_preset=&#8221;default&#8221; custom_margin=&#8221;||0px||false|false&#8221; custom_padding=&#8221;||0px||false|false&#8221; hover_enabled=&#8221;0&#8243; border_color_all=&#8221;#BEBFC3&#8243; border_width_top=&#8221;1px&#8221; global_colors_info=&#8221;{}&#8221; module_id=&#8221;wartung&#8221; sticky_enabled=&#8221;0&#8243;][et_pb_column type=&#8221;4_4&#8243; _builder_version=&#8221;4.15&#8243; _module_preset=&#8221;default&#8221; global_colors_info=&#8221;{}&#8221;][et_pb_text _builder_version=&#8221;4.15&#8243; _module_preset=&#8221;default&#8221; header_4_font=&#8221;|300|||||||&#8221; header_4_text_color=&#8221;#002851&#8243; header_4_font_size=&#8221;37px&#8221; header_4_letter_spacing=&#8221;7px&#8221; custom_margin=&#8221;||0px||false|false&#8221; custom_padding=&#8221;||0px||false|false&#8221; header_4_font_size_tablet=&#8221;37px&#8221; header_4_font_size_phone=&#8221;35px&#8221; header_4_font_size_last_edited=&#8221;on|tablet&#8221; global_colors_info=&#8221;{}&#8221;]<\/p>\n<h4>Maintenance &amp; Repair<\/h4>\n<p>[\/et_pb_text][\/et_pb_column][\/et_pb_row][et_pb_row column_structure=&#8221;1_2,1_2&#8243; _builder_version=&#8221;4.15&#8243; _module_preset=&#8221;default&#8221; custom_padding=&#8221;||100px||false|false&#8221; global_colors_info=&#8221;{}&#8221;][et_pb_column type=&#8221;1_2&#8243; _builder_version=&#8221;4.15&#8243; _module_preset=&#8221;default&#8221; global_colors_info=&#8221;{}&#8221;][et_pb_text _builder_version=&#8221;4.15&#8243; _module_preset=&#8221;default&#8221; global_colors_info=&#8221;{}&#8221;]<\/p>\n<p>Of course we are still there for you following the completion of your order. Our services include spare parts and competent advice, ensuring the smooth and reliable operation of your systems.<\/p>\n<p>Our well-stocked spare parts warehouse contains, for example, the spare parts for all systems and components supplied to our customers since 1964 (!) &#8211; also including spare parts for systems and components supplied and installed by Sch\u00fctte Industrieservice or Edelhoff Polytechnik.<\/p>\n<p>In addition, we can offer you our installation team on request. These qualified members of our team repair and maintain your equipment mechanically and electrically. Either on request or regularly as part of a concluded maintenance contract.<\/p>\n<p>[\/et_pb_text][\/et_pb_column][et_pb_column type=&#8221;1_2&#8243; _builder_version=&#8221;4.15&#8243; _module_preset=&#8221;default&#8221; global_colors_info=&#8221;{}&#8221;][et_pb_text _builder_version=&#8221;4.15&#8243; _module_preset=&#8221;default&#8221; global_colors_info=&#8221;{}&#8221;]<\/p>\n<p><strong>An overview of our services:<\/strong><\/p>\n<p><strong><\/strong><\/p>\n<ul>\n<li>Spare parts for all Sch\u00fctte bulk solids components since 1965<\/li>\n<li>The supply of spare parts for all systems formerly supplied by Edelhoff Polytechnik and Sch\u00fctte Sch\u00fcttguttechnik<\/li>\n<li>The repair and renovation of Sch\u00fctte or competitors\u2019 components at our premises or on site<\/li>\n<li>Maintenance and repair of industrial large-capacity dedusting systems &#8211; including dust explosion-proof systems and the official EX-protection approval<\/li>\n<li>Maintenance and repair of pneumatic and mechanical conveying systems, filter and dedusting systems made by all manufacturers<\/li>\n<li>Supply of a complete range of dedusting accessories, such as suction nozzles, hoses, filter elements, etc.<\/li>\n<\/ul>\n<p>[\/et_pb_text][\/et_pb_column][\/et_pb_row][\/et_pb_section]<\/p>\n","protected":false},"excerpt":{"rendered":"<p>We maximize profitabilityof your company!From planning to assembly -We are there for you in every phase of your project!As a globally sought-after company within the field of bulk solids technology, we offer you a comprehensive range of services across all industries. Our team of experienced specialists advises and supports you intensively from the formulation of [&hellip;]<\/p>\n","protected":false},"author":1,"featured_media":0,"parent":0,"menu_order":0,"comment_status":"closed","ping_status":"closed","template":"","meta":{"_et_pb_use_builder":"on","_et_pb_old_content":"","_et_gb_content_width":"","inline_featured_image":false,"footnotes":""},"class_list":["post-260778","page","type-page","status-publish","hentry"],"_links":{"self":[{"href":"https:\/\/www.schuette-is.com\/en\/wp-json\/wp\/v2\/pages\/260778","targetHints":{"allow":["GET"]}}],"collection":[{"href":"https:\/\/www.schuette-is.com\/en\/wp-json\/wp\/v2\/pages"}],"about":[{"href":"https:\/\/www.schuette-is.com\/en\/wp-json\/wp\/v2\/types\/page"}],"author":[{"embeddable":true,"href":"https:\/\/www.schuette-is.com\/en\/wp-json\/wp\/v2\/users\/1"}],"replies":[{"embeddable":true,"href":"https:\/\/www.schuette-is.com\/en\/wp-json\/wp\/v2\/comments?post=260778"}],"version-history":[{"count":33,"href":"https:\/\/www.schuette-is.com\/en\/wp-json\/wp\/v2\/pages\/260778\/revisions"}],"predecessor-version":[{"id":263222,"href":"https:\/\/www.schuette-is.com\/en\/wp-json\/wp\/v2\/pages\/260778\/revisions\/263222"}],"wp:attachment":[{"href":"https:\/\/www.schuette-is.com\/en\/wp-json\/wp\/v2\/media?parent=260778"}],"curies":[{"name":"wp","href":"https:\/\/api.w.org\/{rel}","templated":true}]}}